{"id":1567,"date":"2016-10-26T05:48:23","date_gmt":"2016-10-26T05:48:23","guid":{"rendered":"http:\/\/www.srt-partner.de\/?page_id=1567"},"modified":"2021-01-27T06:42:12","modified_gmt":"2021-01-27T06:42:12","slug":"kunden","status":"publish","type":"page","link":"https:\/\/www.srt-partner.de\/index.php\/kunden\/","title":{"rendered":"Kunden"},"content":{"rendered":"<p><strong>Folgende Medien ver\u00f6ffentlichen Texte\u00a0von SRT-Partner:<\/strong><\/p>\n<p>Aller-Zeitung<\/p>\n<p>Altm\u00fchl Bote, Gunzenhausen<\/p>\n<p>Augsburger Allgemeine<\/p>\n<p>Auto Club Schweiz<\/p>\n<p>Badische Neueste Nachrichten<\/p>\n<p>Berge &amp; Meer-Reisemagazin<\/p>\n<p>Bergleben.de<\/p>\n<p>Berliner Morgenpost<\/p>\n<p>Bonner Generalanzeiger<\/p>\n<p>Braunschweiger Zeitung<\/p>\n<p>B\u00fcrst\u00e4dter Zeitung<\/p>\n<p>Clever Reisen<\/p>\n<p>Darmst\u00e4dter Echo<\/p>\n<p>Der Bote f\u00fcr N\u00fcrnberg-Land<\/p>\n<p>Deutsche Handwerks Zeitung<\/p>\n<p>Donaukurier<\/p>\n<p>Erlanger Nachrichten<\/p>\n<p>Flensburger Tagblatt<\/p>\n<p>Frankenpost<\/p>\n<p>Fr\u00e4nkische Landeszeitung<\/p>\n<p>Fr\u00e4nkischer Anzeiger<\/p>\n<p>Freies Wort Suhl<\/p>\n<p>F\u00fcrther Nachrichten<\/p>\n<p>Gelnh\u00e4user Tageblatt<\/p>\n<p>Gie\u00dfener Anzeiger<\/p>\n<p>Glocke<\/p>\n<p>G\u00f6ttinger Tageblatt<\/p>\n<p>Hamburger Abendblatt<\/p>\n<p>Hannoversche Allgemeine Zeitung<\/p>\n<p>Hannoversche Neue Presse<\/p>\n<p>Hersbrucker Zeitung<\/p>\n<p>Hildesheimer Allgemeine Zeitung<\/p>\n<p>Hilpoltsteiner Zeitung<\/p>\n<p>Karawane Reisemagazin<\/p>\n<p>Kieler Nachrichten<\/p>\n<p>K\u00f6lner Stadt-Anzeiger<\/p>\n<p>Kreis-Anzeiger Wetterau &amp; Vogelsberg<\/p>\n<p>Kurier Wien<\/p>\n<p>Lampertheimer Zeitung<\/p>\n<p>Lauterbacher Anzeiger<\/p>\n<p>Leipziger Volkszeitung<\/p>\n<p>L\u00fcbecker Nachrichten<\/p>\n<p>Luxemburger Wort<\/p>\n<p>Main-Post W\u00fcrzburg<\/p>\n<p>Main-Spitze<\/p>\n<p>Mainzer Allgemeine Zeitung<\/p>\n<p>Mannheimer Morgen<\/p>\n<p>M\u00e4rkische Allgemeine<\/p>\n<p>Mitteldeutsche Zeitung Halle<\/p>\n<p>M\u00fcnchner Merkur<\/p>\n<p>M\u00fcnstersche Zeitung<\/p>\n<p>Neue Osnabr\u00fccker Zeitung<\/p>\n<p>Neue Ruhr \/ Neue Rhein Zeitung<\/p>\n<p>Neue Westf\u00e4lische<\/p>\n<p>nd.Neues Deutschland<\/p>\n<p>Neue Presse Coburg<\/p>\n<p>Neumarkter Nachrichten<\/p>\n<p>Nordbayerische Nachrichten<\/p>\n<p>N\u00fcrnberger Nachrichten \/ N\u00fcrnberger Zeitung<\/p>\n<p>Oberhessische Zeitung<\/p>\n<p>Ober\u00f6sterreichische Nachrichten<\/p>\n<p>Ostsee-Zeitung<\/p>\n<p>Ostth\u00fcringer Zeitung, Gera<\/p>\n<p>Pegnitz-Zeitung<\/p>\n<p>Peiner Allgemeine Zeitung<\/p>\n<p>Reise &amp; Preise<\/p>\n<p>Rhein-Neckar-Zeitung<\/p>\n<p>Rheinpfalz am Sonntag<\/p>\n<p>Roth-Hilpoltsteiner Volkszeitung<\/p>\n<p>Salzburger Nachrichten<\/p>\n<p>Schwabacher Tagblatt<\/p>\n<p>Schw\u00e4bische Zeitung<\/p>\n<p>Schweriner Volkszeitung<\/p>\n<p>Spiegel Online<\/p>\n<p>Stuttgarter Nachrichten<\/p>\n<p>Stuttgarter Zeitung<\/p>\n<p>S\u00fcdwest-Presse<\/p>\n<p>Telecran. Luxemburg<\/p>\n<p>Th\u00fcringer Allgemeine<\/p>\n<p>Th\u00fcringische Landeszeitung<\/p>\n<p>Tiroler Tageszeitung<\/p>\n<p>T-Online.de<\/p>\n<p>Travelnews.ch<\/p>\n<p>Treuchtlinger Kurier<\/p>\n<p>tz<\/p>\n<p>Usinger Anzeiger<\/p>\n<p>Vorarlberger Nachrichten<\/p>\n<p>Wei\u00dfenburger Tagblatt<\/p>\n<p>Die Welt \/ Welt am Sonntag<\/p>\n<p>Westdeutsche Allgemeine Zeitung (WAZ)<\/p>\n<p>Westfalenpost<\/p>\n<p>Westf\u00e4lische Nachrichten<\/p>\n<p>Windsheimer Zeitung<\/p>\n<p>Wiesbadener Kurier<\/p>\n<p>Wiesbadener Tageblatt<\/p>\n<p>Wolfsburger Allgemeine<\/p>\n","protected":false},"excerpt":{"rendered":"<p>Folgende Medien ver\u00f6ffentlichen Texte\u00a0von SRT-Partner: Aller-Zeitung Altm\u00fchl Bote, Gunzenhausen Augsburger Allgemeine Auto Club Schweiz Badische Neueste Nachrichten Berge &amp; Meer-Reisemagazin Bergleben.de Berliner Morgenpost Bonner Generalanzeiger Braunschweiger Zeitung B\u00fcrst\u00e4dter Zeitung Clever Reisen Darmst\u00e4dter Echo Der Bote f\u00fcr N\u00fcrnberg-Land Deutsche Handwerks Zeitung Donaukurier Erlanger Nachrichten Flensburger Tagblatt Frankenpost Fr\u00e4nkische Landeszeitung Fr\u00e4nkischer Anzeiger<a href=\"https:\/\/www.srt-partner.de\/index.php\/kunden\/\" class=\"read-more\">Read More&#8230;<\/a><\/p>\n","protected":false},"author":2,"featured_media":0,"parent":0,"menu_order":0,"comment_status":"closed","ping_status":"closed","template":"","meta":{"footnotes":""},"class_list":["post-1567","page","type-page","status-publish","hentry"],"aioseo_notices":[],"_links":{"self":[{"href":"https:\/\/www.srt-partner.de\/index.php\/wp-json\/wp\/v2\/pages\/1567","targetHints":{"allow":["GET"]}}],"collection":[{"href":"https:\/\/www.srt-partner.de\/index.php\/wp-json\/wp\/v2\/pages"}],"about":[{"href":"https:\/\/www.srt-partner.de\/index.php\/wp-json\/wp\/v2\/types\/page"}],"author":[{"embeddable":true,"href":"https:\/\/www.srt-partner.de\/index.php\/wp-json\/wp\/v2\/users\/2"}],"replies":[{"embeddable":true,"href":"https:\/\/www.srt-partner.de\/index.php\/wp-json\/wp\/v2\/comments?post=1567"}],"version-history":[{"count":4,"href":"https:\/\/www.srt-partner.de\/index.php\/wp-json\/wp\/v2\/pages\/1567\/revisions"}],"predecessor-version":[{"id":2582,"href":"https:\/\/www.srt-partner.de\/index.php\/wp-json\/wp\/v2\/pages\/1567\/revisions\/2582"}],"wp:attachment":[{"href":"https:\/\/www.srt-partner.de\/index.php\/wp-json\/wp\/v2\/media?parent=1567"}],"curies":[{"name":"wp","href":"https:\/\/api.w.org\/{rel}","templated":true}]}}