{"id":25,"date":"2014-05-27T12:49:13","date_gmt":"2014-05-27T10:49:13","guid":{"rendered":"http:\/\/test.srt-partner.de\/?page_id=25"},"modified":"2026-02-23T11:19:50","modified_gmt":"2026-02-23T11:19:50","slug":"srt-partner","status":"publish","type":"page","link":"https:\/\/www.srt-partner.de\/index.php\/srt-partner\/","title":{"rendered":"SRT Partner"},"content":{"rendered":"<h2>SRT Partner ist ein Zusammenschluss freier Journalistinnen und Journalisten<\/h2>\n<div class=\"su-row\">\n<div class=\"su-column su-column-size-1-2\"><div class=\"su-column-inner su-u-clearfix su-u-trim\">SRT Partner ist Deutschlands gr\u00f6\u00dftes Journalistenb\u00fcro mit Schwerpunkt Reise, Tourismus und Freizeit. Die Wurzeln reichen zur\u00fcck ins Jahr 1983. Die Idee von damals ist die aktuelle: Statt als Einzelk\u00e4mpfer Redaktionen abzuklappern und Texte anzubieten, machen wir das gemeinsam. Und zwar auf eine professionelle und f\u00fcr die Kunden m\u00f6glichst einfach zu handhabende Weise.<\/p>\n<p>Nach au\u00dfen hin wirkt SRT Partner wegen der regelm\u00e4\u00dfigen w\u00f6chentlichen Text- und Bildangebote wie eine Presseagentur. Dahinter stehen aber Autoren, die alle freie Journalistinnen und Jouranlisten sind. \u201cFrei\u201d nehmen wir w\u00f6rtlich. Jede\/r Partner\/in hat Bereiche, in denen er oder sie ganz selbst\u00e4ndig arbeitet. So textet und fotografiert bei klassischen Reisereportagen jeder f\u00fcr sich, schreibt B\u00fccher oder \u00fcbernimmt Redaktionsdienste.<\/p>\n<p>Bei SRT Partner packen wir gemeinsam an, weil es sinnvoll ist und jedem einzelnen Aufwand und Kosten erspart. Jede\/r Partner\/in \u00fcbernimmt die Redaktionsarbeit f\u00fcr das Textangebot einer Woche, ein weitere\/r Partner\/in ist Co-Redakteur\/in und liest alle Texte noch einmal durch. Gemeinsam suchen wir nach guten Headlines, wenn der Autor mal nicht so fit beim Formulieren war. Mehrmals w\u00f6chentlich bringt das \u201cBackoffice\u201d-Team die Texte in Form und versendet einen Newsletter mit Headlines, Unterzeilen und Textanrissen sowie Bildbeispielen an rund 80 Reiseredaktionen bei Tageszeitungen, Magazinen und Online-Portalen. An die Texte und Bilder kommen die Kunden ganz einfach: Sie klicken im Newsletter auf den gew\u00fcnschten Text, der mit einem personalisierten Link verbunden ist, es \u00f6ffnet sich <a href=\"http:\/\/www.srt-text.de\/\" target=\"_blank\" rel=\"noopener\">www.srt-text.de,<\/a> der Text und dazu passende Bilder k\u00f6nnen heruntergeladen werden. Ein weiterer Bereich von SRT Partner sind Komplettzulieferungen nach abgestimmten Redaktionspl\u00e4nen.<\/div><\/div> <div class=\"su-column su-column-size-1-2\"><div class=\"su-column-inner su-u-clearfix su-u-trim\">\n<p>SRT Partner hat rund 35 Partnerinnen und Partner.<\/p>\n<p>Mitglied in der Partnerschaft kann werden, wer sich bei der Gesch\u00e4ftsf\u00fchrung bewirbt und nach einer Probezeit von der Vollversammlung mehrheitlich aufgenommen wird.<\/p>\n<p>Die gemeinsamen Ziele sind: &#8222;Gegenstand und Zweck der Partnerschaft ist, gemeinschaftlich an Tageszeitungen und andere Medien eigene Texte, Bilder und andere journalistische Beitr\u00e4ge zu vermarkten.&#8220; Wenn sie in der &#8222;Probezeit&#8220; zeigen, dass sie das tun, k\u00f6nnen sie durch Beschluss der Partner Vollpartner werden.<\/p>\n<p>Einsicht in die B\u00fccher und Abrechnungen haben alle Partner\/innen. Auch erhalten alle Partnerinnen und Partner ihre Anteile an den Honoraren, die durch ihre Texte und Bilder erzielt worden sind, nach denselben Regeln. Die einbehaltenen Prozentanteile der Honorare dienen ausschlie\u00dflich zur Deckung der Kosten, deren Abrechnung jedem Partner monatlich offen gelegt wird.<\/div><\/div> <\/div>\n<p>Gesch\u00e4ftsf\u00fchrer der Partnerschaft ist Rainer Krause zusammen mit Sibylle von Kamptz, Heidrun Braun und Marc Reisner. Der offizielle Titel, der beim Partnerschaftsregister M\u00fcnchen unter der Nummer 199 eingetragen ist, lautet \u201cSRT Partner Boolakee Kamptz Krause Metzger Poser Reisner Reisner Rodrian Stallein Journalistenb\u00fcro\u201d.<\/p>\n","protected":false},"excerpt":{"rendered":"<p>SRT Partner ist ein Zusammenschluss freier Journalistinnen und Journalisten Gesch\u00e4ftsf\u00fchrer der Partnerschaft ist Rainer Krause zusammen mit Sibylle von Kamptz, Heidrun Braun und Marc Reisner. Der offizielle Titel, der beim Partnerschaftsregister M\u00fcnchen unter der Nummer 199 eingetragen ist, lautet \u201cSRT Partner Boolakee Kamptz Krause Metzger Poser Reisner Reisner Rodrian Stallein<a href=\"https:\/\/www.srt-partner.de\/index.php\/srt-partner\/\" class=\"read-more\">Read More&#8230;<\/a><\/p>\n","protected":false},"author":2,"featured_media":0,"parent":0,"menu_order":0,"comment_status":"closed","ping_status":"closed","template":"fullwidth.php","meta":{"footnotes":""},"class_list":["post-25","page","type-page","status-publish","hentry"],"aioseo_notices":[],"_links":{"self":[{"href":"https:\/\/www.srt-partner.de\/index.php\/wp-json\/wp\/v2\/pages\/25","targetHints":{"allow":["GET"]}}],"collection":[{"href":"https:\/\/www.srt-partner.de\/index.php\/wp-json\/wp\/v2\/pages"}],"about":[{"href":"https:\/\/www.srt-partner.de\/index.php\/wp-json\/wp\/v2\/types\/page"}],"author":[{"embeddable":true,"href":"https:\/\/www.srt-partner.de\/index.php\/wp-json\/wp\/v2\/users\/2"}],"replies":[{"embeddable":true,"href":"https:\/\/www.srt-partner.de\/index.php\/wp-json\/wp\/v2\/comments?post=25"}],"version-history":[{"count":4,"href":"https:\/\/www.srt-partner.de\/index.php\/wp-json\/wp\/v2\/pages\/25\/revisions"}],"predecessor-version":[{"id":3485,"href":"https:\/\/www.srt-partner.de\/index.php\/wp-json\/wp\/v2\/pages\/25\/revisions\/3485"}],"wp:attachment":[{"href":"https:\/\/www.srt-partner.de\/index.php\/wp-json\/wp\/v2\/media?parent=25"}],"curies":[{"name":"wp","href":"https:\/\/api.w.org\/{rel}","templated":true}]}}