{"id":34,"date":"2014-06-30T11:20:30","date_gmt":"2014-06-30T09:20:30","guid":{"rendered":"http:\/\/test.srt-partner.de\/?page_id=34"},"modified":"2025-02-14T15:15:28","modified_gmt":"2025-02-14T15:15:28","slug":"team","status":"publish","type":"page","link":"https:\/\/www.srt-partner.de\/index.php\/team\/","title":{"rendered":"Team"},"content":{"rendered":"<h2>Wir arbeiten professionell, sind aber keine Agentur<\/h2>\n<p>F\u00fcr den professionellen Auftritt sorgt unser \u201cBackoffice\u201d-Team. Es versendet einen Newsletter mit Headlines, Unterzeilen und Textanrissen sowie Bildbeispielen an rund 80 Reiseredaktionen bei Tageszeitungen, Magazinen und Online-Portalen.<\/p>\n<p>Das ist aber der kleinere Teil der Arbeit. Laufend werden vom Backoffice-Team Belege ausgewertet, die Abdrucke in der Datenbank mit Datum einem Text zugeordnet, Rechnungen geschrieben, nach Eingang des Honorars dieses dem entsprechenden Text zugewiesen, Belege an die Partner versandt, auch mal eine Zahlungserinnerung an die Kunden geschrieben, die Buchf\u00fchrung gemacht und was es sonst noch an Verwaltungsarbeiten gibt.<\/p>\n<div class='rt-container-fluid rt-team-container rt-pos-r rt-team-container-2944' id='rt-team-container-1727092725'  data-layout='layout2' data-desktop-col='2'  data-tab-col='2'  data-mobile-col='1' data-sc-id='2944' data-popup-bg=''><div data-title='Loading ...' class='rt-row rt-content-loader layout2 ttp-even ttp-pre-loader'><div class=\"rt-col-md-6 rt-col-sm-6 rt-col-xs-12  even-grid-item rt-grid-item\" data-id=\"2950\"><div class=\"single-team-area\"><div class=\"img-area rt-col-sm-3 rt-col-xs-4 \"><figure><img loading=\"lazy\" decoding=\"async\" width=\"280\" height=\"373\" src=\"https:\/\/www.srt-partner.de\/wp-content\/uploads\/2014\/06\/Kerstin_Schaffer.jpg\" class=\"img-responsive rt-team-img\" alt=\"Kerstin Schaffer\" \/><\/figure><\/div><div class=\"rttm-content-area rt-col-sm-9 rt-col-xs-8 \"><h3><span class=\"team-name\">Kerstin Schaffer<\/span><\/h3><div class=\"short-bio\"><p>Seit 2009 bei SRT Partner. Ordnet die Honorare den Ver\u00f6ffentlichungen zu, ist Ansprechpartnerin, wenn es bei SRT Partner um Buchf\u00fchrung, Rechnungen und Honorarabrechnungen geht.<\/p>\n<\/div><\/div><\/div><\/div><div class=\"rt-col-md-6 rt-col-sm-6 rt-col-xs-12  even-grid-item rt-grid-item\" data-id=\"2945\"><div class=\"single-team-area\"><div class=\"img-area rt-col-sm-3 rt-col-xs-4 \"><figure><img loading=\"lazy\" decoding=\"async\" width=\"160\" height=\"160\" class=\"default-img\" src=\"https:\/\/www.srt-partner.de\/wp-content\/plugins\/tlp-team\/assets\/images\/demo.jpg\" alt=\"Default Image\" \/><\/figure><\/div><div class=\"rttm-content-area rt-col-sm-9 rt-col-xs-8 \"><h3><span class=\"team-name\">Sonja Lomnitzer<\/span><\/h3><div class=\"short-bio\"><p>Jahrgang 1967, seit 2001 bei SRT, Vertrieb und Buchf\u00fchrung Touristik PR\/Touristik Medien, Buchf\u00fchrung f\u00fcr SRT Redaktionsb\u00fcro und SRT Verlag.<\/p>\n<\/div><\/div><\/div><\/div><div class=\"rt-loading-overlay\"><\/div><div class=\"rt-loading rt-ball-clip-rotate\"><div><\/div><\/div><\/div><\/div>\n<p>&nbsp;<\/p>\n","protected":false},"excerpt":{"rendered":"<p>Wir arbeiten professionell, sind aber keine Agentur F\u00fcr den professionellen Auftritt sorgt unser \u201cBackoffice\u201d-Team. Es versendet einen Newsletter mit Headlines, Unterzeilen und Textanrissen sowie Bildbeispielen an rund 80 Reiseredaktionen bei Tageszeitungen, Magazinen und Online-Portalen. Das ist aber der kleinere Teil der Arbeit. Laufend werden vom Backoffice-Team Belege ausgewertet, die Abdrucke<a href=\"https:\/\/www.srt-partner.de\/index.php\/team\/sonja-lomnitzer\/\" class=\"read-more\">Read More&#8230;<\/a><\/p>\n","protected":false},"author":2,"featured_media":0,"parent":0,"menu_order":0,"comment_status":"closed","ping_status":"closed","template":"fullwidth.php","meta":{"footnotes":""},"class_list":["post-34","page","type-page","status-publish","hentry"],"aioseo_notices":[],"_links":{"self":[{"href":"https:\/\/www.srt-partner.de\/index.php\/wp-json\/wp\/v2\/pages\/34","targetHints":{"allow":["GET"]}}],"collection":[{"href":"https:\/\/www.srt-partner.de\/index.php\/wp-json\/wp\/v2\/pages"}],"about":[{"href":"https:\/\/www.srt-partner.de\/index.php\/wp-json\/wp\/v2\/types\/page"}],"author":[{"embeddable":true,"href":"https:\/\/www.srt-partner.de\/index.php\/wp-json\/wp\/v2\/users\/2"}],"replies":[{"embeddable":true,"href":"https:\/\/www.srt-partner.de\/index.php\/wp-json\/wp\/v2\/comments?post=34"}],"version-history":[{"count":5,"href":"https:\/\/www.srt-partner.de\/index.php\/wp-json\/wp\/v2\/pages\/34\/revisions"}],"predecessor-version":[{"id":3317,"href":"https:\/\/www.srt-partner.de\/index.php\/wp-json\/wp\/v2\/pages\/34\/revisions\/3317"}],"wp:attachment":[{"href":"https:\/\/www.srt-partner.de\/index.php\/wp-json\/wp\/v2\/media?parent=34"}],"curies":[{"name":"wp","href":"https:\/\/api.w.org\/{rel}","templated":true}]}}