{"id":368,"date":"2014-07-23T12:21:57","date_gmt":"2014-07-23T10:21:57","guid":{"rendered":"http:\/\/test.srt-partner.de\/?page_id=368"},"modified":"2025-02-14T15:19:09","modified_gmt":"2025-02-14T15:19:09","slug":"bilder","status":"publish","type":"page","link":"https:\/\/www.srt-partner.de\/index.php\/bilder\/","title":{"rendered":"Bilder"},"content":{"rendered":"<h2>Wir bebildern jeden Text<\/h2>\n<p>SRT Bild ist ein Bereich der Partnerschaft. SRT Bild bebildert jeden Text, den die Partnerschaft versendet. So w\u00e4chst das Angebot an Bildern w\u00f6chentlich um 150 bis 250 Bilder.<\/p>\n<p><strong>Der Weg zu den Bildern ist einfach:<\/strong><\/p>\n<div class=\"su-list\" style=\"margin-left:0px\">\n<ul>\n<li><i class=\"sui sui-arrow-circle-o-right\" style=\"color:#333\"><\/i> Kunden von SRT Partner klicken im w\u00f6chentlichen Newsletter auf den gew\u00fcnschten Text und kommen mit dem direkten Link zu den Texten und den dazu passenden Bildern im Download-Center. Den gleichen Weg k\u00f6nnen die SRT-Partner-Kunden gehen, wenn sie ein Thema au\u00dferhalb des Partnerangebots bebildern wollen. In der linken Spalte der Download-Webseite werden umfangreiche Suchm\u00f6glichkeiten angeboten (siehe unten).<\/li>\n<li><i class=\"sui sui-arrow-circle-o-right\" style=\"color:#333\"><\/i> Bildredaktionen oder Redaktionen, die SRT Bild nutzen wollen, erhalten von SRT Bild Nutzernamen und Passwort. Damit k\u00f6nnen sie sich auf <a href=\"http:\/\/www.srt-text.de\/\" target=\"_blank\" rel=\"noopener\">www.srt-text.de<\/a> einloggen, Bilder suchen und herunterladen.<\/li>\n<\/ul>\n<\/div>\n<p><strong>Die Suchm\u00f6glichkeiten:<\/strong><\/p>\n<p>In der linken Spalte auf <a href=\"http:\/\/www.srt-text.de\/\" target=\"_blank\" rel=\"noopener\">www.srt-text.de<\/a> sind die Suchm\u00f6glichkeiten gelistet<br \/>\n<div class=\"su-list\" style=\"margin-left:0px\">\n<ul>\n<li><i class=\"sui sui-arrow-circle-o-right\" style=\"color:#333\"><\/i> Unter \u201cBildvolltextsuche\u201d kann man in den Stichw\u00f6rtern und Bildbeschreibungen suchen.<\/li>\n<li><i class=\"sui sui-arrow-circle-o-right\" style=\"color:#333\"><\/i> Unter \u201cBildsuche nach Suchbaum L\u00e4nder\/Regionen\u201d kann man sich durch die Struktur des Bildarchivs \u201changeln\u201d. Neben der regionalen Struktur, beginnend bei den Kontinenten, gibt es den Bereich \u201cReisesachthemen\u201d, in dem es Bebilderungsvorschl\u00e4ge zu mehr service-orientierten Texten gibt. Gegliedert ist dieser Bereich nach Reiseformen, Zielgruppen, Verkehrsmittel, Unterkunftsarten, Termine, Reisehilfen, Touristikwirtschaft, Touristikwissenschaft und Reisejournalismus.<\/li>\n<li><i class=\"sui sui-arrow-circle-o-right\" style=\"color:#333\"><\/i> Unter \u201cBildsuche nach Bildnummern\u201d kommt man direkt zu einem Motiv, dessen Bildnummer der Kunde kennt.<\/li>\n<li><i class=\"sui sui-arrow-circle-o-right\" style=\"color:#333\"><\/i> Unter \u201cBildsuche im Stichwortregister\u201d werden die von SRT Bild vergebenen Stichw\u00f6rter mit Anzahl der Bilder dazu gelistet, z.B. Bl\u00fctenziele, Paare im Schnee, Wellness, Beratung.<\/li>\n<li><i class=\"sui sui-arrow-circle-o-right\" style=\"color:#333\"><\/i> Wenn Kunden bereits eine Bildauswahl pr\u00e4sentiert bekommen wollen, dann k\u00f6nnen sie die Funktion \u201cTextsuche\u201d ausprobieren. Bei der Themenvielfalt, die SRT Partner bietet, findet sich sicher ein bereits bebildertes Thema.<\/li>\n<\/ul>\n<\/div>\n<strong>Die Aufl\u00f6sung:<\/strong><\/p>\n<p>Die neu eingestellten Bilder haben 2500 Pixel Breite. Wenn uns h\u00f6her aufl\u00f6sende Dateien vorliegen, bieten wir diese unter dem Stichwort \u201cXXL\u201d zum Download an. Diese Funktion ist relativ neu. Falls Sie den XXL-Hinweis nicht sehen, dann lohnt sich ein Mail oder ein Anruf bei SRT Bild. Denn h\u00e4ufig haben wir h\u00f6her aufl\u00f6sende Originaldateien bei uns gespeichert.<\/p>\n","protected":false},"excerpt":{"rendered":"<p>Wir bebildern jeden Text SRT Bild ist ein Bereich der Partnerschaft. SRT Bild bebildert jeden Text, den die Partnerschaft versendet. So w\u00e4chst das Angebot an Bildern w\u00f6chentlich um 150 bis 250 Bilder. Der Weg zu den Bildern ist einfach: Die Suchm\u00f6glichkeiten: In der linken Spalte auf www.srt-text.de sind die Suchm\u00f6glichkeiten<a href=\"https:\/\/www.srt-partner.de\/index.php\/bilder\/\" class=\"read-more\">Read More&#8230;<\/a><\/p>\n","protected":false},"author":2,"featured_media":0,"parent":0,"menu_order":0,"comment_status":"closed","ping_status":"closed","template":"","meta":{"footnotes":""},"class_list":["post-368","page","type-page","status-publish","hentry"],"aioseo_notices":[],"_links":{"self":[{"href":"https:\/\/www.srt-partner.de\/index.php\/wp-json\/wp\/v2\/pages\/368","targetHints":{"allow":["GET"]}}],"collection":[{"href":"https:\/\/www.srt-partner.de\/index.php\/wp-json\/wp\/v2\/pages"}],"about":[{"href":"https:\/\/www.srt-partner.de\/index.php\/wp-json\/wp\/v2\/types\/page"}],"author":[{"embeddable":true,"href":"https:\/\/www.srt-partner.de\/index.php\/wp-json\/wp\/v2\/users\/2"}],"replies":[{"embeddable":true,"href":"https:\/\/www.srt-partner.de\/index.php\/wp-json\/wp\/v2\/comments?post=368"}],"version-history":[{"count":2,"href":"https:\/\/www.srt-partner.de\/index.php\/wp-json\/wp\/v2\/pages\/368\/revisions"}],"predecessor-version":[{"id":3320,"href":"https:\/\/www.srt-partner.de\/index.php\/wp-json\/wp\/v2\/pages\/368\/revisions\/3320"}],"wp:attachment":[{"href":"https:\/\/www.srt-partner.de\/index.php\/wp-json\/wp\/v2\/media?parent=368"}],"curies":[{"name":"wp","href":"https:\/\/api.w.org\/{rel}","templated":true}]}}